{"id":12,"date":"2016-12-19T09:07:16","date_gmt":"2016-12-19T08:07:16","guid":{"rendered":"http:\/\/wp11159761.server-he.de\/vtheater\/?page_id=12"},"modified":"2017-01-12T09:45:54","modified_gmt":"2017-01-12T08:45:54","slug":"buehnen","status":"publish","type":"page","link":"http:\/\/wp11159761.server-he.de\/vtheater\/de\/buehnen\/","title":{"rendered":"B\u00fchnen"},"content":{"rendered":"<p>Was sind Theaterb\u00fchnen? Physische Orte.<\/p>\n<p>Was k\u00f6nnte eine Theaterb\u00fchne sein? Alles!<\/p>\n<p>&nbsp;<\/p>\n<p><img decoding=\"async\" loading=\"lazy\" class=\"wp-image-17 size-large alignnone\" src=\"http:\/\/wp11159761.server-he.de\/vtheater\/wp-content\/uploads\/2016\/12\/IMG-20161105-WA0014bearb-1024x575.jpg\" width=\"1200\" height=\"674\" srcset=\"http:\/\/wp11159761.server-he.de\/vtheater\/wp-content\/uploads\/2016\/12\/IMG-20161105-WA0014bearb-1024x575.jpg 1024w, http:\/\/wp11159761.server-he.de\/vtheater\/wp-content\/uploads\/2016\/12\/IMG-20161105-WA0014bearb-300x169.jpg 300w, http:\/\/wp11159761.server-he.de\/vtheater\/wp-content\/uploads\/2016\/12\/IMG-20161105-WA0014bearb-768x432.jpg 768w, http:\/\/wp11159761.server-he.de\/vtheater\/wp-content\/uploads\/2016\/12\/IMG-20161105-WA0014bearb.jpg 1171w\" sizes=\"(max-width: 1200px) 100vw, 1200px\" \/><\/p>\n<p>&nbsp;<\/p>\n<p>Wir digitalisieren reale, physische Ort mit Photogrammetrie oder Laserscans und machen 3D-Modelle daraus, die dann frei manipulierbar sind. Farben, Skalierung, Physik, wir machen uns die B\u00fchnenwelt, wie es euch\u00a0gef\u00e4llt.<\/p>\n<p>&nbsp;<\/p>\n<p><img decoding=\"async\" loading=\"lazy\" class=\"wp-image-15 size-large alignnone\" src=\"http:\/\/wp11159761.server-he.de\/vtheater\/wp-content\/uploads\/2016\/12\/01-au\u00dfenklein-1024x640.jpg\" width=\"1200\" height=\"750\" srcset=\"http:\/\/wp11159761.server-he.de\/vtheater\/wp-content\/uploads\/2016\/12\/01-au\u00dfenklein-1024x640.jpg 1024w, http:\/\/wp11159761.server-he.de\/vtheater\/wp-content\/uploads\/2016\/12\/01-au\u00dfenklein-300x188.jpg 300w, http:\/\/wp11159761.server-he.de\/vtheater\/wp-content\/uploads\/2016\/12\/01-au\u00dfenklein-768x480.jpg 768w, http:\/\/wp11159761.server-he.de\/vtheater\/wp-content\/uploads\/2016\/12\/01-au\u00dfenklein-480x300.jpg 480w, http:\/\/wp11159761.server-he.de\/vtheater\/wp-content\/uploads\/2016\/12\/01-au\u00dfenklein-640x400.jpg 640w, http:\/\/wp11159761.server-he.de\/vtheater\/wp-content\/uploads\/2016\/12\/01-au\u00dfenklein.jpg 1344w\" sizes=\"(max-width: 1200px) 100vw, 1200px\" \/><\/p>\n<p>&nbsp;<\/p>\n<p>Oder wir bauen die B\u00fchne gleich ganz neu, per 3D-Editor.<\/p>\n<p>F\u00fcr unsere Projekte haben wir sowohl drau\u00dfen, als auch drinnen reale Orte digitalisiert, von dritten erstellte 3D-Modelle genutzt, eigene erschaffen und in einem Fall eine Gro\u00dfstadt mit einem Algorithmus ausgerechnet. Don&#8217;t dream it, make it.<\/p>\n<p>&nbsp;<\/p>\n<div class=\"sketchfab-embed-wrapper\">\n<p style=\"padding-left: 0px;\"><iframe loading=\"lazy\" src=\"https:\/\/sketchfab.com\/models\/356a1fa688224f2ab34d703f3a2b8678\/embed\" width=\"1100\" height=\"500\" frameborder=\"0\" allowfullscreen=\"allowfullscreen\"><\/iframe><\/p>\n<p style=\"font-size: 13px; font-weight: normal; margin: 5px; color: #4a4a4a;\"><a style=\"font-weight: bold; color: #1caad9;\" href=\"https:\/\/sketchfab.com\/models\/356a1fa688224f2ab34d703f3a2b8678?utm_medium=embed&amp;utm_source=website&amp;utm_campain=share-popup\" target=\"_blank\">Deutsches Theater &#8211; Festsaal<\/a><\/p>\n<\/div>\n<p><iframe loading=\"lazy\" width=\"800\" height=\"450\" src=\"https:\/\/www.youtube.com\/embed\/3BQQjgIgiek?feature=oembed\" frameborder=\"0\" allowfullscreen><\/iframe><\/p>\n<p>&nbsp;<\/p>\n","protected":false},"excerpt":{"rendered":"<p>Was sind Theaterb\u00fchnen? Physische Orte. Was k\u00f6nnte eine Theaterb\u00fchne sein? Alles! &nbsp; &nbsp; Wir digitalisieren reale, physische Ort mit Photogrammetrie oder Laserscans und machen 3D-Modelle daraus, die dann frei manipulierbar &#8230;<\/p>\n","protected":false},"author":2,"featured_media":15,"parent":0,"menu_order":0,"comment_status":"closed","ping_status":"closed","template":"","meta":[],"_links":{"self":[{"href":"http:\/\/wp11159761.server-he.de\/vtheater\/wp-json\/wp\/v2\/pages\/12"}],"collection":[{"href":"http:\/\/wp11159761.server-he.de\/vtheater\/wp-json\/wp\/v2\/pages"}],"about":[{"href":"http:\/\/wp11159761.server-he.de\/vtheater\/wp-json\/wp\/v2\/types\/page"}],"author":[{"embeddable":true,"href":"http:\/\/wp11159761.server-he.de\/vtheater\/wp-json\/wp\/v2\/users\/2"}],"replies":[{"embeddable":true,"href":"http:\/\/wp11159761.server-he.de\/vtheater\/wp-json\/wp\/v2\/comments?post=12"}],"version-history":[{"count":25,"href":"http:\/\/wp11159761.server-he.de\/vtheater\/wp-json\/wp\/v2\/pages\/12\/revisions"}],"predecessor-version":[{"id":284,"href":"http:\/\/wp11159761.server-he.de\/vtheater\/wp-json\/wp\/v2\/pages\/12\/revisions\/284"}],"wp:featuredmedia":[{"embeddable":true,"href":"http:\/\/wp11159761.server-he.de\/vtheater\/wp-json\/wp\/v2\/media\/15"}],"wp:attachment":[{"href":"http:\/\/wp11159761.server-he.de\/vtheater\/wp-json\/wp\/v2\/media?parent=12"}],"curies":[{"name":"wp","href":"https:\/\/api.w.org\/{rel}","templated":true}]}}