{"id":33,"date":"2016-12-19T09:12:13","date_gmt":"2016-12-19T08:12:13","guid":{"rendered":"http:\/\/wp11159761.server-he.de\/vtheater\/?page_id=33"},"modified":"2017-01-12T09:52:29","modified_gmt":"2017-01-12T08:52:29","slug":"laserscan","status":"publish","type":"page","link":"http:\/\/wp11159761.server-he.de\/vtheater\/de\/laserscan\/","title":{"rendered":"Laserscan"},"content":{"rendered":"<p>Ein weiterer Weg, existierende B\u00fchnen oder Umgebungen als 3D-Modell in virtuelle Welten zu bringen, ist der Laserscan. F\u00fcr unser laufendes Projekt in Dortmund haben wir im Laufe eines Tages ein komplettes und komplexes B\u00fchnenbild mit einem Laserscanner aus der Vermessungstechnik aufgenommen und in eine Punktwolke verwandelt.<\/p>\n<p><img decoding=\"async\" loading=\"lazy\" class=\"wp-image-14 size-large alignnone\" src=\"http:\/\/wp11159761.server-he.de\/vtheater\/wp-content\/uploads\/2016\/12\/20161107_182320klein-1024x576.jpg\" width=\"1200\" height=\"674\" srcset=\"http:\/\/wp11159761.server-he.de\/vtheater\/wp-content\/uploads\/2016\/12\/20161107_182320klein-1024x576.jpg 1024w, http:\/\/wp11159761.server-he.de\/vtheater\/wp-content\/uploads\/2016\/12\/20161107_182320klein-300x169.jpg 300w, http:\/\/wp11159761.server-he.de\/vtheater\/wp-content\/uploads\/2016\/12\/20161107_182320klein-768x432.jpg 768w\" sizes=\"(max-width: 1200px) 100vw, 1200px\" \/><\/p>\n<p>&nbsp;<\/p>\n<p><img decoding=\"async\" loading=\"lazy\" class=\"wp-image-18 size-full alignnone\" src=\"http:\/\/wp11159761.server-he.de\/vtheater\/wp-content\/uploads\/2016\/12\/wireframeSesselDobearb.png\" width=\"1200\" height=\"677\" srcset=\"http:\/\/wp11159761.server-he.de\/vtheater\/wp-content\/uploads\/2016\/12\/wireframeSesselDobearb.png 947w, http:\/\/wp11159761.server-he.de\/vtheater\/wp-content\/uploads\/2016\/12\/wireframeSesselDobearb-300x169.png 300w, http:\/\/wp11159761.server-he.de\/vtheater\/wp-content\/uploads\/2016\/12\/wireframeSesselDobearb-768x432.png 768w\" sizes=\"(max-width: 1200px) 100vw, 1200px\" \/><\/p>\n<p>Die Texturen liefert dabei das Ger\u00e4t selbst, wir verwenden aber au\u00dferdem Texturen aus dem parallel erstellten photogrammetrischen Modell.<br \/>\nEs soll ja auch sch\u00f6n aussehen.<\/p>\n<p>Dieses Video zeigt den kompletten Laserscan eines B\u00fchnenbildes, in reduzierter Aufl\u00f6sung vor der Nachbearbeitung:<\/p>\n<p><iframe loading=\"lazy\" width=\"800\" height=\"450\" src=\"https:\/\/www.youtube.com\/embed\/UznO3ZvhWAc?feature=oembed\" frameborder=\"0\" allowfullscreen><\/iframe><\/p>\n","protected":false},"excerpt":{"rendered":"<p>Ein weiterer Weg, existierende B\u00fchnen oder Umgebungen als 3D-Modell in virtuelle Welten zu bringen, ist der Laserscan. F\u00fcr unser laufendes Projekt in Dortmund haben wir im Laufe eines Tages ein &#8230;<\/p>\n","protected":false},"author":2,"featured_media":17,"parent":0,"menu_order":0,"comment_status":"closed","ping_status":"closed","template":"","meta":[],"_links":{"self":[{"href":"http:\/\/wp11159761.server-he.de\/vtheater\/wp-json\/wp\/v2\/pages\/33"}],"collection":[{"href":"http:\/\/wp11159761.server-he.de\/vtheater\/wp-json\/wp\/v2\/pages"}],"about":[{"href":"http:\/\/wp11159761.server-he.de\/vtheater\/wp-json\/wp\/v2\/types\/page"}],"author":[{"embeddable":true,"href":"http:\/\/wp11159761.server-he.de\/vtheater\/wp-json\/wp\/v2\/users\/2"}],"replies":[{"embeddable":true,"href":"http:\/\/wp11159761.server-he.de\/vtheater\/wp-json\/wp\/v2\/comments?post=33"}],"version-history":[{"count":7,"href":"http:\/\/wp11159761.server-he.de\/vtheater\/wp-json\/wp\/v2\/pages\/33\/revisions"}],"predecessor-version":[{"id":291,"href":"http:\/\/wp11159761.server-he.de\/vtheater\/wp-json\/wp\/v2\/pages\/33\/revisions\/291"}],"wp:featuredmedia":[{"embeddable":true,"href":"http:\/\/wp11159761.server-he.de\/vtheater\/wp-json\/wp\/v2\/media\/17"}],"wp:attachment":[{"href":"http:\/\/wp11159761.server-he.de\/vtheater\/wp-json\/wp\/v2\/media?parent=33"}],"curies":[{"name":"wp","href":"https:\/\/api.w.org\/{rel}","templated":true}]}}