{"id":354,"date":"2017-04-26T13:00:31","date_gmt":"2017-04-26T11:00:31","guid":{"rendered":"http:\/\/wp11159761.server-he.de\/vtheater\/?page_id=354"},"modified":"2017-04-26T13:15:07","modified_gmt":"2017-04-26T11:15:07","slug":"memories-of-borderline","status":"publish","type":"page","link":"http:\/\/wp11159761.server-he.de\/vtheater\/de\/memories-of-borderline\/","title":{"rendered":"Memories of Borderline"},"content":{"rendered":"<p>Eine fast dreist\u00fcndige \u00dcberw\u00e4ltigungstheater-Inszenierung als VR-Theaterst\u00fcck? Vermutlich unm\u00f6glich. Aber eine Essenz, eine verblassende Erinnerung an einen Theaterabend oder den Schauplatz des Dramas f\u00fcr die virtuelle Realit\u00e4t erfassen und dabei neu erfahrbar, erlebbar machen: let&#8217;s do it!<\/p>\n<p>Das Schauspiel Dortmund beschreitet mit den CyberR\u00e4ubern wieder einmal neue Wege. F\u00fcr &#8218;Memories of Borderline&#8216; haben wir Laserscans des B\u00fchnenbildes der preisgekr\u00f6nten Inszenierung &#8218;Die Borderline Prozession&#8216; vorgenommen, Schauspieler volumetrisch aufgezeichnet, 360\u00b0 und 180\u00b0-Filmaufnahmen und -Stills gemacht. Wir pr\u00e4sentieren das Projekt gemeinsam mit dem Schauspiel Dortmund auf der Berliner Netzkonferenz &#8218;Theater und Netz 2017&#8216; (<a href=\"http:\/\/theaterundnetz.de\/programm\/\">Theater und Netz<\/a>) und parallel zu den Auff\u00fchrungen w\u00e4hrend des Theatertreffens 2017 (<a href=\"http:\/\/www.berlinerfestspiele.de\/de\/aktuell\/festivals\/theatertreffen\/programm_tt\/tt17_programm_gesamt\/tt17_vr_experience_space.php\">Theatertreffen<\/a>).<\/p>\n<p><strong>Regie<\/strong>: Kay Voges<br \/>\nBasis: Die Borderline Prozession &#8211; Ein Loop um das, was uns trennt &#8211; von Kay Voges, Dirk Baumann und Alexander Kerlin<\/p>\n<p>Trailer:<br \/>\n<iframe loading=\"lazy\" title=\"Trailer Memories of Borderline\" width=\"800\" height=\"450\" src=\"https:\/\/www.youtube.com\/embed\/iwbr3_mt6Vs?feature=oembed\" frameborder=\"0\" allow=\"accelerometer; autoplay; clipboard-write; encrypted-media; gyroscope; picture-in-picture; web-share\" allowfullscreen><\/iframe><\/p>\n","protected":false},"excerpt":{"rendered":"<p>Eine fast dreist\u00fcndige \u00dcberw\u00e4ltigungstheater-Inszenierung als VR-Theaterst\u00fcck? Vermutlich unm\u00f6glich. Aber eine Essenz, eine verblassende Erinnerung an einen Theaterabend oder den Schauplatz des Dramas f\u00fcr die virtuelle Realit\u00e4t erfassen und dabei neu &#8230;<\/p>\n","protected":false},"author":2,"featured_media":0,"parent":0,"menu_order":0,"comment_status":"closed","ping_status":"closed","template":"","meta":[],"_links":{"self":[{"href":"http:\/\/wp11159761.server-he.de\/vtheater\/wp-json\/wp\/v2\/pages\/354"}],"collection":[{"href":"http:\/\/wp11159761.server-he.de\/vtheater\/wp-json\/wp\/v2\/pages"}],"about":[{"href":"http:\/\/wp11159761.server-he.de\/vtheater\/wp-json\/wp\/v2\/types\/page"}],"author":[{"embeddable":true,"href":"http:\/\/wp11159761.server-he.de\/vtheater\/wp-json\/wp\/v2\/users\/2"}],"replies":[{"embeddable":true,"href":"http:\/\/wp11159761.server-he.de\/vtheater\/wp-json\/wp\/v2\/comments?post=354"}],"version-history":[{"count":4,"href":"http:\/\/wp11159761.server-he.de\/vtheater\/wp-json\/wp\/v2\/pages\/354\/revisions"}],"predecessor-version":[{"id":363,"href":"http:\/\/wp11159761.server-he.de\/vtheater\/wp-json\/wp\/v2\/pages\/354\/revisions\/363"}],"wp:attachment":[{"href":"http:\/\/wp11159761.server-he.de\/vtheater\/wp-json\/wp\/v2\/media?parent=354"}],"curies":[{"name":"wp","href":"https:\/\/api.w.org\/{rel}","templated":true}]}}