{"id":39,"date":"2016-12-19T09:15:57","date_gmt":"2016-12-19T08:15:57","guid":{"rendered":"http:\/\/wp11159761.server-he.de\/vtheater\/?page_id=39"},"modified":"2020-04-20T14:46:13","modified_gmt":"2020-04-20T12:46:13","slug":"ueber-uns","status":"publish","type":"page","link":"http:\/\/wp11159761.server-he.de\/vtheater\/de\/ueber-uns\/","title":{"rendered":"Unsere Mission"},"content":{"rendered":"<p><strong>Eine aktuelle Anmerkung<\/strong> (20.04.2020):<\/p>\n<p>In der aktuellen Covid19-Krise stehen Kunst und Kultur stark unter Druck. Auch alle unsere Inszenierungen und Gastspiele k\u00f6nnen derzeit nicht gezeigt werden. Wann das wieder m\u00f6glich sein wird ist schwer zu sagen.<\/p>\n<p>Darum arbeiten wir daran,\u00a0\u00fcber das gewohnte Streaming hinaus M\u00f6glichkeiten zu entwickeln und zu erforschen,\u00a0 die nicht nur f\u00fcr uns, sondern f\u00fcr alle spannend sein k\u00f6nnen. M\u00f6glichkeiten, um Auff\u00fchrungen in den Cyberspace zu verlegen.\u00a0 \u00a0Virtuelle Realit\u00e4t ist auch ohne Brillen ist m\u00f6glich. Die Partizipation unseres digitalen Publikums ist gewollt und gefordert. Wir laden herzlich dazu ein, bei unserer Premiere im Mai 2020 dabei zu sein.<\/p>\n<p>&#8212;&#8212;&#8212;&#8212;&#8212;<\/p>\n<p>Das <strong>Theater der virtuellen Realit\u00e4t<\/strong> bringt Theater in die VR und VR ins Theater. Warum?<\/p>\n<p>Wir lieben das Theater und wir glauben an VR als Erz\u00e4hlmedium: Wenn VR funktionieren soll, braucht sie\u00a0Interaktivit\u00e4t, das Gef\u00fchl von Pr\u00e4senz, Fokussierung auf Handlung und Personen. Und\u00a0sie braucht starke Geschichten.<br \/>\nTheater kann\u00a0das alles schon, seit Tausenden von Jahren und in allen menschlichen Kulturen. VR braucht\u00a0das Theater.<\/p>\n<p>Wir glauben an VR als Erz\u00e4hlmedium und lieben das Theater: Gutes Theater ist wunderbar. Aber die Zeiten des Theaters als b\u00fcrgerliches Leitmedium sind vorbei.\u00a0VR ist Zukunftstechnologie und ein Weg, viele Menschen unmittelbar zu erreichen. Und so: gutes Theater vielen zug\u00e4nglich zu machen, unabh\u00e4ngig von Ort und Zeit. Au\u00dferdem sind in VR der Kreativit\u00e4t f\u00fcr B\u00fchnen und Szenarien kaum Grenzen gesetzt. Theater braucht VR.<\/p>\n<p>F\u00fcr das Projekt <strong>&#8222;CyberR\u00e4uber&#8220;<\/strong>\u00a0gegr\u00fcndet, haben wir uns f\u00fcr die Zusammenarbeit mit vielen Theatermachern und K\u00fcnstlern ge\u00f6ffnet und bauen sukzessive unseren Spielplan aus. Wir zeigen unsere Arbeiten als Theaterinstallation und begehbare Inszenierungen.<\/p>\n<p>Das <strong>Theater der virtuellen Realit\u00e4t<\/strong> sind Bj\u00f6rn Lengers und Marcel Karnapke.<\/p>\n<p><img decoding=\"async\" loading=\"lazy\" class=\"alignnone size-medium wp-image-21\" src=\"http:\/\/wp11159761.server-he.de\/vtheater\/wp-content\/uploads\/2016\/12\/blbearb-300x300.jpg\" alt=\"\" width=\"300\" height=\"300\" srcset=\"http:\/\/wp11159761.server-he.de\/vtheater\/wp-content\/uploads\/2016\/12\/blbearb-300x300.jpg 300w, http:\/\/wp11159761.server-he.de\/vtheater\/wp-content\/uploads\/2016\/12\/blbearb-150x150.jpg 150w, http:\/\/wp11159761.server-he.de\/vtheater\/wp-content\/uploads\/2016\/12\/blbearb.jpg 315w\" sizes=\"(max-width: 300px) 100vw, 300px\" \/><img decoding=\"async\" loading=\"lazy\" class=\"size-medium wp-image-20 alignright\" src=\"http:\/\/wp11159761.server-he.de\/vtheater\/wp-content\/uploads\/2016\/12\/karnapke-300x300.jpg\" alt=\"\" width=\"300\" height=\"300\" srcset=\"http:\/\/wp11159761.server-he.de\/vtheater\/wp-content\/uploads\/2016\/12\/karnapke-300x300.jpg 300w, http:\/\/wp11159761.server-he.de\/vtheater\/wp-content\/uploads\/2016\/12\/karnapke-150x150.jpg 150w, http:\/\/wp11159761.server-he.de\/vtheater\/wp-content\/uploads\/2016\/12\/karnapke.jpg 315w\" sizes=\"(max-width: 300px) 100vw, 300px\" \/><\/p>\n<p>Kontakt: info{~}vtheater.net<\/p>\n","protected":false},"excerpt":{"rendered":"<p>Eine aktuelle Anmerkung (20.04.2020): In der aktuellen Covid19-Krise stehen Kunst und Kultur stark unter Druck. Auch alle unsere Inszenierungen und Gastspiele k\u00f6nnen derzeit nicht gezeigt werden. Wann das wieder m\u00f6glich &#8230;<\/p>\n","protected":false},"author":2,"featured_media":0,"parent":0,"menu_order":0,"comment_status":"closed","ping_status":"closed","template":"","meta":[],"_links":{"self":[{"href":"http:\/\/wp11159761.server-he.de\/vtheater\/wp-json\/wp\/v2\/pages\/39"}],"collection":[{"href":"http:\/\/wp11159761.server-he.de\/vtheater\/wp-json\/wp\/v2\/pages"}],"about":[{"href":"http:\/\/wp11159761.server-he.de\/vtheater\/wp-json\/wp\/v2\/types\/page"}],"author":[{"embeddable":true,"href":"http:\/\/wp11159761.server-he.de\/vtheater\/wp-json\/wp\/v2\/users\/2"}],"replies":[{"embeddable":true,"href":"http:\/\/wp11159761.server-he.de\/vtheater\/wp-json\/wp\/v2\/comments?post=39"}],"version-history":[{"count":9,"href":"http:\/\/wp11159761.server-he.de\/vtheater\/wp-json\/wp\/v2\/pages\/39\/revisions"}],"predecessor-version":[{"id":596,"href":"http:\/\/wp11159761.server-he.de\/vtheater\/wp-json\/wp\/v2\/pages\/39\/revisions\/596"}],"wp:attachment":[{"href":"http:\/\/wp11159761.server-he.de\/vtheater\/wp-json\/wp\/v2\/media?parent=39"}],"curies":[{"name":"wp","href":"https:\/\/api.w.org\/{rel}","templated":true}]}}