{"id":395,"date":"2017-10-03T15:57:22","date_gmt":"2017-10-03T13:57:22","guid":{"rendered":"http:\/\/wp11159761.server-he.de\/vtheater\/?page_id=395"},"modified":"2018-04-06T11:21:51","modified_gmt":"2018-04-06T09:21:51","slug":"der-geisterseher-ghostseer","status":"publish","type":"page","link":"http:\/\/wp11159761.server-he.de\/vtheater\/en\/der-geisterseher-ghostseer\/","title":{"rendered":"Der Geisterseher (Ghostseer)"},"content":{"rendered":"<p>More than 450 happy visitors saw our &#8218;Der Geisterseher&#8216; (The Ghostseer) at the renowned festivals Schillertage 2017, Mannheim, and Kunstfest, Weimar. The 18-minute mini-play tells the story of a german prince falling victim to intrigue in Venice. Four holographic actors guide the visitor through the matrix-like world of the mysterious &#8218;Armenian&#8216;. Classic theatre meets VR.<\/p>\n<p><strong>Director<\/strong>: Branko Janack<br \/>\n<strong>Stage\/Costumes<\/strong>: Klara Mand<br \/>\n<strong>Dramaturg<\/strong>: Bastian Bo\u00df<\/p>\n<p><strong>With<\/strong>:\u00a0Hannah M\u00fcller, David M\u00fcller, Sebastian Nakajew, Krunoslav \u0160ebrek<\/p>\n<p><a href=\"http:\/\/www.kunstfest-weimar.de\/programm-2017\/?tx_jokunstfest17_pi5%5BjoDetailView%5D=1&#038;tx_jokunstfest17_pi5%5BjoDetailUid%5D=3&#038;tx_jokunstfest17_pi5%5BjoDateUid%5D=&#038;tx_jokunstfest17_pi5%5BjoModeOverride%5D=1&#038;tx_jokunstfest17_pi5%5Bcontroller%5D=Elements&#038;cHash=f6499acb6adfdb8db999448138233fef\">Kunstfest Weimar<\/a><br \/>\n<a href=\"https:\/\/www.nationaltheater-mannheim.de\/de\/stueck_details.php?SID=3141\">Schillertage 2017<\/a><\/p>\n<p><iframe loading=\"lazy\" width=\"800\" height=\"450\" src=\"https:\/\/www.youtube.com\/embed\/L28Y7Y4wGZA?feature=oembed\" frameborder=\"0\" allow=\"autoplay; encrypted-media\" allowfullscreen><\/iframe><\/p>\n<p>&nbsp;<\/p>\n","protected":false},"excerpt":{"rendered":"<p>More than 450 happy visitors saw our &#8218;Der Geisterseher&#8216; (The Ghostseer) at the renowned festivals Schillertage 2017, Mannheim, and Kunstfest, Weimar. The 18-minute mini-play tells the story of a german &#8230;<\/p>\n","protected":false},"author":2,"featured_media":0,"parent":0,"menu_order":0,"comment_status":"closed","ping_status":"closed","template":"","meta":[],"_links":{"self":[{"href":"http:\/\/wp11159761.server-he.de\/vtheater\/wp-json\/wp\/v2\/pages\/395"}],"collection":[{"href":"http:\/\/wp11159761.server-he.de\/vtheater\/wp-json\/wp\/v2\/pages"}],"about":[{"href":"http:\/\/wp11159761.server-he.de\/vtheater\/wp-json\/wp\/v2\/types\/page"}],"author":[{"embeddable":true,"href":"http:\/\/wp11159761.server-he.de\/vtheater\/wp-json\/wp\/v2\/users\/2"}],"replies":[{"embeddable":true,"href":"http:\/\/wp11159761.server-he.de\/vtheater\/wp-json\/wp\/v2\/comments?post=395"}],"version-history":[{"count":6,"href":"http:\/\/wp11159761.server-he.de\/vtheater\/wp-json\/wp\/v2\/pages\/395\/revisions"}],"predecessor-version":[{"id":423,"href":"http:\/\/wp11159761.server-he.de\/vtheater\/wp-json\/wp\/v2\/pages\/395\/revisions\/423"}],"wp:attachment":[{"href":"http:\/\/wp11159761.server-he.de\/vtheater\/wp-json\/wp\/v2\/media?parent=395"}],"curies":[{"name":"wp","href":"https:\/\/api.w.org\/{rel}","templated":true}]}}