{"id":431,"date":"2018-09-03T12:03:51","date_gmt":"2018-09-03T10:03:51","guid":{"rendered":"http:\/\/wp11159761.server-he.de\/vtheater\/?page_id=431"},"modified":"2019-01-15T10:42:17","modified_gmt":"2019-01-15T09:42:17","slug":"die-biene-im-kopf","status":"publish","type":"page","link":"http:\/\/wp11159761.server-he.de\/vtheater\/de\/die-biene-im-kopf\/","title":{"rendered":"Die Biene im Kopf"},"content":{"rendered":"<p><iframe loading=\"lazy\" width=\"800\" height=\"450\" src=\"https:\/\/www.youtube.com\/embed\/qZyETAoH_mo?feature=oembed\" frameborder=\"0\" allow=\"accelerometer; autoplay; encrypted-media; gyroscope; picture-in-picture\" allowfullscreen><\/iframe><\/p>\n<p><strong>Regie\/B\u00fchne:<\/strong> Martin Gr\u00fcnheit<br \/>\n<strong>VR (Konzept, Entwicklung, B\u00fchne):<\/strong> CyberR\u00e4uber (Marcel Karnapke, Bj\u00f6rn Lengers)<br \/>\n<strong>Kost\u00fcm:<\/strong> Imke Paulick<br \/>\n<strong>Musik:<\/strong> Colin Hacklander &amp; Farahnaz Hatam<\/p>\n<p><strong>Dramaturgie:<\/strong> Bernadette Binner, Karola Marsch<br \/>\n<strong>Mit<\/strong>\u00a0Jessica Gadani, Tim Riedel, Andrej von Sallwitz<\/p>\n<p>In <b>Roland Schimmelpfennig<\/b>s Kinderst\u00fcck mu\u00df ein Kind die Herausforderungen seines schwierigen Alltags meistern &#8211; wie gut, dass es sich bei Bedarf in eine Biene verwandeln kann&#8230; aber kann es das wirklich?<\/p>\n<p>In Zusammenarbeit mit Regisseur Martin Gr\u00fcnheit (dessen Klassenzimmerst\u00fcck &#8222;Zwischeneinander&#8220; vom Deutschen Theater Berlin wir schon f\u00fcr eine kurze VR-Szene nutzen durften) haben wir eine Theatermaschine, ein digitales Totaltheater entwickelt, in dem die Schauspielerinnen in Echtzeit zu den Sch\u00f6pfern aller Bild- und Vorstellungswelten werden. Mithilfe von VR und AR (Augmented Reality) bespielen sie eine B\u00fchne, die kein Vorne oder Hinten mehr kennt, nur noch ein Drinnen. Unser erstes Stadttheater-Projekt entsprechend der zweiten S\u00e4ule unserer Mission: &#8222;VR ins Theater bringen&#8220;.<\/p>\n<p><img decoding=\"async\" loading=\"lazy\" class=\"alignnone size-medium wp-image-449\" src=\"http:\/\/wp11159761.server-he.de\/vtheater\/wp-content\/uploads\/2018\/09\/biene2-300x169.jpg\" alt=\"\" width=\"300\" height=\"169\" srcset=\"http:\/\/wp11159761.server-he.de\/vtheater\/wp-content\/uploads\/2018\/09\/biene2-300x169.jpg 300w, http:\/\/wp11159761.server-he.de\/vtheater\/wp-content\/uploads\/2018\/09\/biene2-768x432.jpg 768w, http:\/\/wp11159761.server-he.de\/vtheater\/wp-content\/uploads\/2018\/09\/biene2-1024x576.jpg 1024w, http:\/\/wp11159761.server-he.de\/vtheater\/wp-content\/uploads\/2018\/09\/biene2.jpg 1200w\" sizes=\"(max-width: 300px) 100vw, 300px\" \/><\/p>\n<p>Wir freuen uns sehr, dass eben dieses digitale Totaltheater auch f\u00fcr eine neue Reihe &#8222;VR Lab &#8211; Challenge your fantasy&#8220; des Theaters an der Parkaue genutzt wird, in der digital artists und VR-K\u00fcnstlern eine B\u00fchne f\u00fcr die performative Erweiterung ihrer Kunst geboten werden soll.<\/p>\n<p><a href=\"https:\/\/www.parkaue.de\/programm\/repertoire\/die-biene-im-kopf\/\">Link zum Theater an der Parkaue<\/a><\/p>\n<p><a href=\"https:\/\/stagescreen.wordpress.com\/2018\/04\/29\/fliegen-lernen\/\">Stage &amp; Screen<\/a>: &#8222;(D)ie Verschr\u00e4nkung von analoger und digitaler Narration, von physischen und visueller Realit\u00e4t deutet das Potenzial, den Theaterraum so zu erweitern, zur Welt zu machen, nicht nur der existierenden, sondern auch der vorstellbaren, wie es sich Aristoteles ertr\u00e4umt haben k\u00f6nnte. Da lernt auch das Theater fliegen.&#8220;<\/p>\n<p><a href=\"https:\/\/www.dw.com\/de\/theater-als-vr-spektakel\/av-43773483\">Theater als VR-Spektakel, Beitrag der Deutschen Welle<\/a><\/p>\n<p><img decoding=\"async\" loading=\"lazy\" class=\"alignnone size-medium wp-image-448\" src=\"http:\/\/wp11159761.server-he.de\/vtheater\/wp-content\/uploads\/2018\/09\/biene3-169x300.jpg\" alt=\"\" width=\"169\" height=\"300\" srcset=\"http:\/\/wp11159761.server-he.de\/vtheater\/wp-content\/uploads\/2018\/09\/biene3-169x300.jpg 169w, http:\/\/wp11159761.server-he.de\/vtheater\/wp-content\/uploads\/2018\/09\/biene3.jpg 380w\" sizes=\"(max-width: 169px) 100vw, 169px\" \/><\/p>\n","protected":false},"excerpt":{"rendered":"<p>Regie\/B\u00fchne: Martin Gr\u00fcnheit VR (Konzept, Entwicklung, B\u00fchne): CyberR\u00e4uber (Marcel Karnapke, Bj\u00f6rn Lengers) Kost\u00fcm: Imke Paulick Musik: Colin Hacklander &amp; Farahnaz Hatam Dramaturgie: Bernadette Binner, Karola Marsch Mit\u00a0Jessica Gadani, Tim Riedel, &#8230;<\/p>\n","protected":false},"author":2,"featured_media":0,"parent":0,"menu_order":0,"comment_status":"closed","ping_status":"closed","template":"","meta":[],"_links":{"self":[{"href":"http:\/\/wp11159761.server-he.de\/vtheater\/wp-json\/wp\/v2\/pages\/431"}],"collection":[{"href":"http:\/\/wp11159761.server-he.de\/vtheater\/wp-json\/wp\/v2\/pages"}],"about":[{"href":"http:\/\/wp11159761.server-he.de\/vtheater\/wp-json\/wp\/v2\/types\/page"}],"author":[{"embeddable":true,"href":"http:\/\/wp11159761.server-he.de\/vtheater\/wp-json\/wp\/v2\/users\/2"}],"replies":[{"embeddable":true,"href":"http:\/\/wp11159761.server-he.de\/vtheater\/wp-json\/wp\/v2\/comments?post=431"}],"version-history":[{"count":3,"href":"http:\/\/wp11159761.server-he.de\/vtheater\/wp-json\/wp\/v2\/pages\/431\/revisions"}],"predecessor-version":[{"id":510,"href":"http:\/\/wp11159761.server-he.de\/vtheater\/wp-json\/wp\/v2\/pages\/431\/revisions\/510"}],"wp:attachment":[{"href":"http:\/\/wp11159761.server-he.de\/vtheater\/wp-json\/wp\/v2\/media?parent=431"}],"curies":[{"name":"wp","href":"https:\/\/api.w.org\/{rel}","templated":true}]}}