{"id":452,"date":"2018-09-03T12:22:11","date_gmt":"2018-09-03T10:22:11","guid":{"rendered":"http:\/\/wp11159761.server-he.de\/vtheater\/?page_id=452"},"modified":"2019-01-15T10:42:53","modified_gmt":"2019-01-15T09:42:53","slug":"die-biene-im-kopf-the-bee-inside-the-head","status":"publish","type":"page","link":"http:\/\/wp11159761.server-he.de\/vtheater\/en\/die-biene-im-kopf-the-bee-inside-the-head\/","title":{"rendered":"Die Biene im Kopf (The bee inside the head)"},"content":{"rendered":"<p><iframe loading=\"lazy\" width=\"800\" height=\"450\" src=\"https:\/\/www.youtube.com\/embed\/qZyETAoH_mo?feature=oembed\" frameborder=\"0\" allow=\"accelerometer; autoplay; encrypted-media; gyroscope; picture-in-picture\" allowfullscreen><\/iframe><\/p>\n<p><strong>Director, stage:<\/strong> Martin Gr\u00fcnheit<br \/>\n<strong>VR (concept, development, stage):<\/strong> CyberR\u00e4uber (Marcel Karnapke, Bj\u00f6rn Lengers)<br \/>\n<strong>Costumes:<\/strong> Imke Paulick<br \/>\n<strong>Music:<\/strong> Colin Hacklander &amp; Farahnaz Hatam<\/p>\n<p><strong>Dramaturges:<\/strong> Bernadette Binner, Karola Marsch<br \/>\n<strong>With<\/strong>\u00a0Jessica Gadani, Tim Riedel, Andrej von Sallwitz<\/p>\n<p>In <b>Roland Schimmelpfennig<\/b>&#8217;s play for children the protagonist has to overcome the brutal challenges of a daily routine, with the little help of being able to turn into a bee, if necessary&#8230;, really?<\/p>\n<p>Together with director Martin Gr\u00fcnheit we developed a theatre machine, a digital Totaltheater for this staging, turning the actors into realtime-3d-creators of all visual and imaginary worlds. In VR and AR they play on an enchanted stage that knows no forward or aft, only a &#8222;within&#8220;. Our first production for a regular theatre-stage, following our mission statement: bringing VR into the theatre.<\/p>\n<p><img decoding=\"async\" loading=\"lazy\" class=\"alignnone size-medium wp-image-449\" src=\"http:\/\/wp11159761.server-he.de\/vtheater\/wp-content\/uploads\/2018\/09\/biene2-300x169.jpg\" alt=\"\" width=\"300\" height=\"169\" srcset=\"http:\/\/wp11159761.server-he.de\/vtheater\/wp-content\/uploads\/2018\/09\/biene2-300x169.jpg 300w, http:\/\/wp11159761.server-he.de\/vtheater\/wp-content\/uploads\/2018\/09\/biene2-768x432.jpg 768w, http:\/\/wp11159761.server-he.de\/vtheater\/wp-content\/uploads\/2018\/09\/biene2-1024x576.jpg 1024w, http:\/\/wp11159761.server-he.de\/vtheater\/wp-content\/uploads\/2018\/09\/biene2.jpg 1200w\" sizes=\"(max-width: 300px) 100vw, 300px\" \/><\/p>\n<p>This stage as well will be used for the on-going series &#8222;VR lab &#8211; challenge my fantasies&#8220; were visual and VR-artist will be presented on stage to enhance their works in a performative context.<\/p>\n<p><a href=\"https:\/\/www.parkaue.de\/programm\/repertoire\/die-biene-im-kopf\/\">Link to Theater an der Parkaue<\/a><\/p>\n<p><a href=\"https:\/\/www.dw.com\/de\/theater-als-vr-spektakel\/av-43773483\">Theater as VR experience, english broadcast of Deutsche Welle<\/a><\/p>\n<p><img decoding=\"async\" loading=\"lazy\" class=\"alignnone size-medium wp-image-448\" src=\"http:\/\/wp11159761.server-he.de\/vtheater\/wp-content\/uploads\/2018\/09\/biene3-169x300.jpg\" alt=\"\" width=\"169\" height=\"300\" srcset=\"http:\/\/wp11159761.server-he.de\/vtheater\/wp-content\/uploads\/2018\/09\/biene3-169x300.jpg 169w, http:\/\/wp11159761.server-he.de\/vtheater\/wp-content\/uploads\/2018\/09\/biene3.jpg 380w\" sizes=\"(max-width: 169px) 100vw, 169px\" \/><\/p>\n","protected":false},"excerpt":{"rendered":"<p>Director, stage: Martin Gr\u00fcnheit VR (concept, development, stage): CyberR\u00e4uber (Marcel Karnapke, Bj\u00f6rn Lengers) Costumes: Imke Paulick Music: Colin Hacklander &amp; Farahnaz Hatam Dramaturges: Bernadette Binner, Karola Marsch With\u00a0Jessica Gadani, Tim &#8230;<\/p>\n","protected":false},"author":2,"featured_media":0,"parent":0,"menu_order":0,"comment_status":"closed","ping_status":"closed","template":"","meta":[],"_links":{"self":[{"href":"http:\/\/wp11159761.server-he.de\/vtheater\/wp-json\/wp\/v2\/pages\/452"}],"collection":[{"href":"http:\/\/wp11159761.server-he.de\/vtheater\/wp-json\/wp\/v2\/pages"}],"about":[{"href":"http:\/\/wp11159761.server-he.de\/vtheater\/wp-json\/wp\/v2\/types\/page"}],"author":[{"embeddable":true,"href":"http:\/\/wp11159761.server-he.de\/vtheater\/wp-json\/wp\/v2\/users\/2"}],"replies":[{"embeddable":true,"href":"http:\/\/wp11159761.server-he.de\/vtheater\/wp-json\/wp\/v2\/comments?post=452"}],"version-history":[{"count":3,"href":"http:\/\/wp11159761.server-he.de\/vtheater\/wp-json\/wp\/v2\/pages\/452\/revisions"}],"predecessor-version":[{"id":511,"href":"http:\/\/wp11159761.server-he.de\/vtheater\/wp-json\/wp\/v2\/pages\/452\/revisions\/511"}],"wp:attachment":[{"href":"http:\/\/wp11159761.server-he.de\/vtheater\/wp-json\/wp\/v2\/media?parent=452"}],"curies":[{"name":"wp","href":"https:\/\/api.w.org\/{rel}","templated":true}]}}