{"id":461,"date":"2018-09-03T12:39:37","date_gmt":"2018-09-03T10:39:37","guid":{"rendered":"http:\/\/wp11159761.server-he.de\/vtheater\/?page_id=461"},"modified":"2019-06-23T16:07:32","modified_gmt":"2019-06-23T14:07:32","slug":"meet-juliet-meet-romeo","status":"publish","type":"page","link":"http:\/\/wp11159761.server-he.de\/vtheater\/de\/meet-juliet-meet-romeo\/","title":{"rendered":"Meet Juliet, Meet Romeo"},"content":{"rendered":"<p><iframe loading=\"lazy\" width=\"800\" height=\"450\" src=\"https:\/\/www.youtube.com\/embed\/DVdu6k_fD1U?feature=oembed\" frameborder=\"0\" allow=\"accelerometer; autoplay; encrypted-media; gyroscope; picture-in-picture\" allowfullscreen><\/iframe><\/p>\n<p>Ein virtuelles Theatererlebnis nach William Shakespeares \u00bbRomeo und Julia\u00ab<\/p>\n<p>Ein Augenblick, ein fl\u00fcchtiger Moment nur entscheidet \u00fcber das Schicksal zweier Verliebter, ihrer Familien, einer ganzen Stadt: die Begegnung von Romeo und Juliet. In der wohl bekanntesten Liebesgeschichte \u00fcberhaupt prallen zwei Welten aufeinander, wenn die Kinder der beiden verfeindeten Familien sich ineinander verlieben. Juliet und Romeo begegnen sich zum ersten Mal auf dem Maskenball der Familie Capulet \u2013 und ein berauschender Abend wird zum Schlachtfeld der Emotionen.<\/p>\n<p>Entsteht die Liebe zwischen Romeo und Juliet nur durch ihre Unm\u00f6glichkeit? Verrennen sich die beiden in ihrem unstillbaren Wunsch nach Freiheit? M\u00fcndet die Suche der jungen Generation nach Selbstbestimmung zwangsl\u00e4ufig in Gewalt?<\/p>\n<p><img decoding=\"async\" loading=\"lazy\" class=\"alignnone size-medium wp-image-469\" src=\"http:\/\/wp11159761.server-he.de\/vtheater\/wp-content\/uploads\/2018\/09\/20180824_145122-300x225.jpg\" alt=\"\" width=\"300\" height=\"225\" srcset=\"http:\/\/wp11159761.server-he.de\/vtheater\/wp-content\/uploads\/2018\/09\/20180824_145122-300x225.jpg 300w, http:\/\/wp11159761.server-he.de\/vtheater\/wp-content\/uploads\/2018\/09\/20180824_145122-768x576.jpg 768w, http:\/\/wp11159761.server-he.de\/vtheater\/wp-content\/uploads\/2018\/09\/20180824_145122-1024x768.jpg 1024w\" sizes=\"(max-width: 300px) 100vw, 300px\" \/><\/p>\n<p>Die CyberR\u00e4uber verbinden in ihren Projekten Theater und virtuelle Realit\u00e4t (VR). Das neue Medium erm\u00f6glicht faszinierende Begegnungen mit Klassikern der Theaterliteratur. Nach \u00bbDer Geisterseher\u00ab (2017) l\u00e4dt die Berliner K\u00fcnstlergruppe in ihrer zweiten Produktion f\u00fcr das Kunstfest Weimar die Besucher*innen ein, Shakespeares Liebesgeschichte in ihren unterschiedlichen Facetten und aus verschiedenen Blickwinkeln zu untersuchen. Ausgestattet mit VR-Brillen, werden die Zuschauer*innen in \u00bbMeet Juliet, Meet Romeo\u00ab selbst zu Teilnehmer*innen des Geschehens. Vor ihren Augen und durch ihre Anwesenheit verwandelt sich die romantische Begegnung in den Ausgangspunkt einer unaufhaltsamen Trag\u00f6die.<\/p>\n<p><b>Entwicklung, Konzept<\/b> CyberR\u00e4uber (Bj\u00f6rn Lengers, Marcel Karnapke)<br \/>\n<b>Regie<\/b> Branko Janack<br \/>\n<b>Musik<\/b> Max N\u00fcbling<br \/>\n<b>Visual Consulting<\/b> Cleo Niemeyer<\/p>\n<p><b>Mit<\/b> Bastian Heidenreich, Julius Kuhn, Lutz Salzmann, Isabel Tetzner, Dascha Trautwein<\/p>\n<p><b>Produktion<\/b> CyberR\u00e4uber \u2013 das Theater der virtuellen Realit\u00e4t, Kunstfest Weimar<\/p>\n<p><a href=\"https:\/\/www.kunstfest-weimar.de\/programm-2018\/?tx_jokunstfest17_pi5%5BjoDetailView%5D=1&amp;tx_jokunstfest17_pi5%5BjoDetailUid%5D=44&amp;tx_jokunstfest17_pi5%5BjoDateUid%5D=&amp;tx_jokunstfest17_pi5%5BjoModeOverride%5D=1&amp;tx_jokunstfest17_pi5%5Bcontroller%5D=Elements&amp;cHash=9300a28e3941f1e7149a5f25cbfae92d\">Link zum Kunstfest Weimar<\/a><\/p>\n<p><a href=\"https:\/\/www.nachtkritik.de\/index.php?option=com_content&amp;view=article&amp;id=15753:meet-juliet-meet-romeo-cyberraeuber-kunstfest-weimar&amp;catid=38&amp;Itemid=40\">Nachtkritik<\/a> schreibt: &#8222;Digitale \u00c4sthetiken und virtuelle Erz\u00e4hlstrategien und das Theater und sein Publikum: So nah wie hier kommen sie sich noch selten.&#8220;<\/p>\n<p><a href=\"http:\/\/www.die-deutsche-buehne.de\/Aktuelles\/Leseprobe\/Der+Immersions-Hype\">Kritik &#8222;Die deutsche B\u00fchne&#8220;<\/a>: &#8222;VR hingegen erm\u00f6glicht eine g\u00e4nzlich neue Art der Narration: \u201eMeet Juliet, Meet Romeo\u201c verl\u00e4sst jeder Zuschauer mit anderen Eindr\u00fccken, was die Macher klug auffangen, indem man sich nach dem intensiven VR-Erlebnis zu zweit noch auf einem Sofa austauschen kann, w\u00e4hrend zwei Monitore in Echtzeit die Bewegungen der folgenden Besucher \u00fcbertragen \u2013 die damit wiede\u00adrum selbst Teil der Performance werden.&#8220;<\/p>\n<figure id=\"attachment_471\" aria-describedby=\"caption-attachment-471\" style=\"width: 300px\" class=\"wp-caption alignnone\"><img decoding=\"async\" loading=\"lazy\" class=\"size-medium wp-image-471\" src=\"http:\/\/wp11159761.server-he.de\/vtheater\/wp-content\/uploads\/2018\/09\/KFW2018_Meet-Juliet-Meet-Romeo2_Foto_Thomas-Mueller-300x200.jpg\" alt=\"\" width=\"300\" height=\"200\" srcset=\"http:\/\/wp11159761.server-he.de\/vtheater\/wp-content\/uploads\/2018\/09\/KFW2018_Meet-Juliet-Meet-Romeo2_Foto_Thomas-Mueller-300x200.jpg 300w, http:\/\/wp11159761.server-he.de\/vtheater\/wp-content\/uploads\/2018\/09\/KFW2018_Meet-Juliet-Meet-Romeo2_Foto_Thomas-Mueller-768x512.jpg 768w, http:\/\/wp11159761.server-he.de\/vtheater\/wp-content\/uploads\/2018\/09\/KFW2018_Meet-Juliet-Meet-Romeo2_Foto_Thomas-Mueller-1024x683.jpg 1024w\" sizes=\"(max-width: 300px) 100vw, 300px\" \/><figcaption id=\"caption-attachment-471\" class=\"wp-caption-text\">23.08.2018 Weimar: Medienkunstprojekt &#8222;Meet Juliet, meet Romeo&#8220; im Rahmen des Kunstfest Weimar. Foto: Thomas M\u00fcller<\/figcaption><\/figure>\n<p><iframe loading=\"lazy\" width=\"800\" height=\"450\" src=\"https:\/\/www.youtube.com\/embed\/srKTgKU_H3w?feature=oembed\" frameborder=\"0\" allow=\"accelerometer; autoplay; encrypted-media; gyroscope; picture-in-picture\" allowfullscreen><\/iframe><\/p>\n","protected":false},"excerpt":{"rendered":"<p>Ein virtuelles Theatererlebnis nach William Shakespeares \u00bbRomeo und Julia\u00ab Ein Augenblick, ein fl\u00fcchtiger Moment nur entscheidet \u00fcber das Schicksal zweier Verliebter, ihrer Familien, einer ganzen Stadt: die Begegnung von Romeo &#8230;<\/p>\n","protected":false},"author":2,"featured_media":0,"parent":0,"menu_order":0,"comment_status":"closed","ping_status":"closed","template":"","meta":[],"_links":{"self":[{"href":"http:\/\/wp11159761.server-he.de\/vtheater\/wp-json\/wp\/v2\/pages\/461"}],"collection":[{"href":"http:\/\/wp11159761.server-he.de\/vtheater\/wp-json\/wp\/v2\/pages"}],"about":[{"href":"http:\/\/wp11159761.server-he.de\/vtheater\/wp-json\/wp\/v2\/types\/page"}],"author":[{"embeddable":true,"href":"http:\/\/wp11159761.server-he.de\/vtheater\/wp-json\/wp\/v2\/users\/2"}],"replies":[{"embeddable":true,"href":"http:\/\/wp11159761.server-he.de\/vtheater\/wp-json\/wp\/v2\/comments?post=461"}],"version-history":[{"count":6,"href":"http:\/\/wp11159761.server-he.de\/vtheater\/wp-json\/wp\/v2\/pages\/461\/revisions"}],"predecessor-version":[{"id":554,"href":"http:\/\/wp11159761.server-he.de\/vtheater\/wp-json\/wp\/v2\/pages\/461\/revisions\/554"}],"wp:attachment":[{"href":"http:\/\/wp11159761.server-he.de\/vtheater\/wp-json\/wp\/v2\/media?parent=461"}],"curies":[{"name":"wp","href":"https:\/\/api.w.org\/{rel}","templated":true}]}}