{"id":580,"date":"2019-12-19T12:59:11","date_gmt":"2019-12-19T11:59:11","guid":{"rendered":"http:\/\/wp11159761.server-he.de\/vtheater\/?page_id=580"},"modified":"2021-02-28T14:47:33","modified_gmt":"2021-02-28T13:47:33","slug":"prometheus-unbound","status":"publish","type":"page","link":"http:\/\/wp11159761.server-he.de\/vtheater\/de\/prometheus-unbound\/","title":{"rendered":"Prometheus unbound"},"content":{"rendered":"<p>Ein Versuch \u00fcber K\u00fcnstliche Kunst und Theater.<\/p>\n<p>Prometheus brachte den Menschen einst das Feuer, die Technik, die Zivilisation und die Kunst. Davon ausgehend besch\u00e4ftigen wir uns\u00a0mit dem Wesen von Kunst im digitalen Zeitalter. Was ist menschliche Kunst, was k\u00fcnstliche Kunst? Kann K\u00fcnstliche Intelligenz \u2013 kurz KI \u2013 mittlerweile schon kreativ sein? Und was entsteht, wenn maschinelles Lernen und per Algorithmen erzeugte T\u00f6ne, Bildwelten und Texte auf reale Darsteller*innen treffen? Was passiert, wenn wir Prometheus wieder entfesseln?<\/p>\n<p>Inszenierung: Marcel Karnapke, Bj\u00f6rn Lengers (CyberR\u00e4uber)<br \/>\nB\u00fchne und Kost\u00fcme: Angelika Daphne Katzinger<br \/>\nDramaturgie: Wiebke Melle<br \/>\nProduktionsleitung: Eva-Karen Tittmann<\/p>\n<p>Mit:<br \/>\nAngela Waidmann<br \/>\nAlexander Julian Meile<br \/>\nNina Metzger<\/p>\n<p>Regieassistenz \/ Abendspielleitung: Nina Metzger<br \/>\nMusikalische Einstudierung: Neboj\u0161a Krulanovi\u0107<br \/>\nMusikalische Assistenz: Alexander Maulwurf<\/p>\n<p>Inspizienz: Gabriela Korntner<br \/>\nSoufflage: Anna Vladimirov<\/p>\n<p>Premiere am 14.12.2019 am <a href=\"https:\/\/www.landestheater-linz.at\/DE\/sitemap\/lth\/stuecke\/detail?EventSetID=3118&amp;ref=3118157191271&amp;spielzeit=2019\/20\">Landestheater Linz<\/a>.<\/p>\n<p><strong>&#8220;Prometheus unbound&#8221; &#8211; Pressestimmen<\/strong><\/p>\n<p>\u201eEin spannendes Experiment, das nachdenklich stimmt.\u201c &#8211;\u00a0Ober\u00f6sterreichische Nachrichten<\/p>\n<p>\u201eEs ergeben sich bizarre, sch\u00f6ne, so noch nie gesehene und geh\u00f6rte Gebilde. (\u2026) Man wird pl\u00f6tzlich Zeuge von zig verg\u00e4nglichen Urauff\u00fchrungen auf einmal. Sicherlich der poetische, ja gespenstische H\u00f6hepunkt des Abends.\u201c \u201eDas Publikum applaudiert dem mutigen Konzept.\u201c &#8211;\u00a0Ober\u00f6sterreichisches Volksblatt<\/p>\n<p>\u201eEin mutiges Projekt (\u2026) Jedem, der sich f\u00fcr K\u00fcnstliche Intelligenz interessiert, sei dieser Versuch der Cyberr\u00e4uber empfohlen.\u201c &#8211;\u00a0Kronenzeitung<\/p>\n<p>\u201e(Wir Besucher) durften bei der Urauff\u00fchrung nachdenklich werden, immer wieder r\u00e4tseln \u2013 und uns gar nicht wenig am\u00fcsieren (\u2026). &#8211;\u00a0Nachtkritik<\/p>\n<p><iframe loading=\"lazy\" width=\"800\" height=\"450\" src=\"https:\/\/www.youtube.com\/embed\/efwXXaUaKmQ?feature=oembed\" frameborder=\"0\" allow=\"accelerometer; autoplay; clipboard-write; encrypted-media; gyroscope; picture-in-picture\" allowfullscreen><\/iframe><\/p>\n<figure id=\"attachment_568\" aria-describedby=\"caption-attachment-568\" style=\"width: 300px\" class=\"wp-caption alignnone\"><img decoding=\"async\" loading=\"lazy\" class=\"size-medium wp-image-568\" src=\"http:\/\/wp11159761.server-he.de\/vtheater\/wp-content\/uploads\/2016\/12\/DSC_1253-300x200.jpg\" alt=\"\" width=\"300\" height=\"200\" srcset=\"http:\/\/wp11159761.server-he.de\/vtheater\/wp-content\/uploads\/2016\/12\/DSC_1253-300x200.jpg 300w, http:\/\/wp11159761.server-he.de\/vtheater\/wp-content\/uploads\/2016\/12\/DSC_1253-768x512.jpg 768w, http:\/\/wp11159761.server-he.de\/vtheater\/wp-content\/uploads\/2016\/12\/DSC_1253-1024x683.jpg 1024w\" sizes=\"(max-width: 300px) 100vw, 300px\" \/><figcaption id=\"caption-attachment-568\" class=\"wp-caption-text\">petra.servus.at<\/figcaption><\/figure>\n<figure id=\"attachment_569\" aria-describedby=\"caption-attachment-569\" style=\"width: 300px\" class=\"wp-caption alignnone\"><img decoding=\"async\" loading=\"lazy\" class=\"size-medium wp-image-569\" src=\"http:\/\/wp11159761.server-he.de\/vtheater\/wp-content\/uploads\/2016\/12\/DSC_1266-300x200.jpg\" alt=\"\" width=\"300\" height=\"200\" srcset=\"http:\/\/wp11159761.server-he.de\/vtheater\/wp-content\/uploads\/2016\/12\/DSC_1266-300x200.jpg 300w, http:\/\/wp11159761.server-he.de\/vtheater\/wp-content\/uploads\/2016\/12\/DSC_1266-768x512.jpg 768w, http:\/\/wp11159761.server-he.de\/vtheater\/wp-content\/uploads\/2016\/12\/DSC_1266-1024x683.jpg 1024w\" sizes=\"(max-width: 300px) 100vw, 300px\" \/><figcaption id=\"caption-attachment-569\" class=\"wp-caption-text\">petra.servus.at<\/figcaption><\/figure>\n<figure id=\"attachment_567\" aria-describedby=\"caption-attachment-567\" style=\"width: 300px\" class=\"wp-caption alignnone\"><img decoding=\"async\" loading=\"lazy\" class=\"size-medium wp-image-567\" src=\"http:\/\/wp11159761.server-he.de\/vtheater\/wp-content\/uploads\/2016\/12\/DSC_0054-300x200.jpg\" alt=\"\" width=\"300\" height=\"200\" srcset=\"http:\/\/wp11159761.server-he.de\/vtheater\/wp-content\/uploads\/2016\/12\/DSC_0054-300x200.jpg 300w, http:\/\/wp11159761.server-he.de\/vtheater\/wp-content\/uploads\/2016\/12\/DSC_0054-768x512.jpg 768w, http:\/\/wp11159761.server-he.de\/vtheater\/wp-content\/uploads\/2016\/12\/DSC_0054-1024x683.jpg 1024w\" sizes=\"(max-width: 300px) 100vw, 300px\" \/><figcaption id=\"caption-attachment-567\" class=\"wp-caption-text\">petra.servus.at<\/figcaption><\/figure>\n<p>&nbsp;<\/p>\n","protected":false},"excerpt":{"rendered":"<p>Ein Versuch \u00fcber K\u00fcnstliche Kunst und Theater. Prometheus brachte den Menschen einst das Feuer, die Technik, die Zivilisation und die Kunst. Davon ausgehend besch\u00e4ftigen wir uns\u00a0mit dem Wesen von Kunst &#8230;<\/p>\n","protected":false},"author":2,"featured_media":0,"parent":0,"menu_order":0,"comment_status":"closed","ping_status":"closed","template":"","meta":[],"_links":{"self":[{"href":"http:\/\/wp11159761.server-he.de\/vtheater\/wp-json\/wp\/v2\/pages\/580"}],"collection":[{"href":"http:\/\/wp11159761.server-he.de\/vtheater\/wp-json\/wp\/v2\/pages"}],"about":[{"href":"http:\/\/wp11159761.server-he.de\/vtheater\/wp-json\/wp\/v2\/types\/page"}],"author":[{"embeddable":true,"href":"http:\/\/wp11159761.server-he.de\/vtheater\/wp-json\/wp\/v2\/users\/2"}],"replies":[{"embeddable":true,"href":"http:\/\/wp11159761.server-he.de\/vtheater\/wp-json\/wp\/v2\/comments?post=580"}],"version-history":[{"count":2,"href":"http:\/\/wp11159761.server-he.de\/vtheater\/wp-json\/wp\/v2\/pages\/580\/revisions"}],"predecessor-version":[{"id":713,"href":"http:\/\/wp11159761.server-he.de\/vtheater\/wp-json\/wp\/v2\/pages\/580\/revisions\/713"}],"wp:attachment":[{"href":"http:\/\/wp11159761.server-he.de\/vtheater\/wp-json\/wp\/v2\/media?parent=580"}],"curies":[{"name":"wp","href":"https:\/\/api.w.org\/{rel}","templated":true}]}}