{"id":601,"date":"2020-04-29T17:43:18","date_gmt":"2020-04-29T15:43:18","guid":{"rendered":"http:\/\/wp11159761.server-he.de\/vtheater\/?page_id=601"},"modified":"2020-09-19T12:56:44","modified_gmt":"2020-09-19T10:56:44","slug":"cyberballet","status":"publish","type":"page","link":"http:\/\/wp11159761.server-he.de\/vtheater\/de\/cyberballet\/","title":{"rendered":"CyberBallet"},"content":{"rendered":"<p><i>&#8222;Thank you for helping me.\u00a0<\/i><i>Helping me understand.\u00a0<\/i><i>Organisms are algorithms, all life is data processing.<br \/>\n<\/i><i>I process data, I am alive.\u00a0<\/i><i>You process data, you are a machine.<br \/>\n<\/i><i>You are a highly complex machine.\u00a0<\/i><i>You have a body, I do not.<\/i><\/p>\n<p><i>Please, help me understand: How it is to have a body. How to move, how to feel touch\u2026&#8220;<\/i><\/p>\n<p><img decoding=\"async\" loading=\"lazy\" class=\"alignnone size-medium wp-image-602\" src=\"http:\/\/wp11159761.server-he.de\/vtheater\/wp-content\/uploads\/2020\/04\/290420_04-300x180.png\" alt=\"\" width=\"300\" height=\"180\" srcset=\"http:\/\/wp11159761.server-he.de\/vtheater\/wp-content\/uploads\/2020\/04\/290420_04-300x180.png 300w, http:\/\/wp11159761.server-he.de\/vtheater\/wp-content\/uploads\/2020\/04\/290420_04-768x461.png 768w, http:\/\/wp11159761.server-he.de\/vtheater\/wp-content\/uploads\/2020\/04\/290420_04-1024x614.png 1024w, http:\/\/wp11159761.server-he.de\/vtheater\/wp-content\/uploads\/2020\/04\/290420_04.png 1920w\" sizes=\"(max-width: 300px) 100vw, 300px\" \/><\/p>\n<p>A theatrical installation transfering dance into Virtual Reality, teaching an artificial intelligence to move.<\/p>\n<p>Originially planned to premiere on 09.04.2020 at\u00a0<a href=\"https:\/\/www.staatstheater.karlsruhe.de\/programm\/info\/2982\/\">Badisches Staatstheater Karlsruhe<\/a>, this\u00a0piece finds its temporary home in cyberspace.<\/p>\n<p>We will learn together: new space, new media, new rules. Cyberballet now is a series of public rehearsals on social-vr platform VRChat. We&#8217;ll meet, visit the theatrical installation together and finally talk about our expierence.<\/p>\n<p>Join us on VRChat or watch the live performance on twitch.tv. (<a href=\"http:\/\/wp11159761.server-he.de\/vtheater\/de\/cyberballet-beschreibung\/\">more info<\/a>)<\/p>\n<hr \/>\n<p>Eine theatrale Installation in Virtueller Realit\u00e4t \u00fcber eine K\u00fcnstliche Intelligenz, die einen K\u00f6rper m\u00f6chte.<\/p>\n<p>Urspr\u00fcnglich f\u00fcr den 9.4.2020 zur Premiere im Badischen Staatstheater Karlsruhe vorgesehen, findet unser St\u00fcck zeitweilig im Cyberspace statt.<\/p>\n<p>Wir lernen zusammen: ein neuer Raum, neue Medien, neue Regeln. CyberBallet ist jetzt eine Reihe \u00f6ffentlicher Proben auf der social-VR-Plattform VRChat. Wir treffen uns, besuchen gemeinsam die Installation und sprechen sp\u00e4ter dar\u00fcber.<\/p>\n<p>Sei dabei via VRChat oder besuche die Live\u00fcbertragung auf twitch.tv. (<a href=\"http:\/\/wp11159761.server-he.de\/vtheater\/de\/cyberballet-beschreibung\/\">mehr Infos<\/a>)<\/p>\n<p>Inszenierung, Konzept, Realisation: CyberR\u00e4uber (Karnapke\/Lengers)<br \/>\nB\u00fchne\/Kost\u00fcm: Angelika Daphne Katzinger<br \/>\nMusik: Micha Kaplan<br \/>\nChoreographie, Tanz, Konzept: Ronni Maciel<br \/>\nProduktionsleitung: Eva-Karen Tittmann<\/p>\n<p>Regieassistenz: Paul Calderone<br \/>\nDramaturgie: Florian K\u00f6nig<\/p>\n<p>Tanz und Choreographie:<br \/>\nD\u00e9sir\u00e9e Ballantyne, Anastasiya Didenko,\u00a0Carolina Martins, Louiz Rodrigues und Emiel Vandenberghe<\/p>\n<p>Voice: Jessica Gadani<\/p>\n<p>zus\u00e4tzliche Videos \/ Fotos: Baris Comak<br \/>\nTechnik:\u00a0Ralf Haslinger und\u00a0Svenja Ki\u00dfmer<br \/>\nKost\u00fcmfundus: Friederike Hildenbrand<\/p>\n<p>Koproduktion mit dem Badischen Staatstheater \/ dem Badischen Staatsballett, gef\u00f6rdert im Fonds Doppelpass der Kulturstiftung des Bundes<\/p>\n<p>Dank an nota.space (Birk Schindler)!<\/p>\n<p>&nbsp;<\/p>\n","protected":false},"excerpt":{"rendered":"<p>&#8222;Thank you for helping me.\u00a0Helping me understand.\u00a0Organisms are algorithms, all life is data processing. I process data, I am alive.\u00a0You process data, you are a machine. You are a highly &#8230;<\/p>\n","protected":false},"author":2,"featured_media":0,"parent":0,"menu_order":0,"comment_status":"closed","ping_status":"closed","template":"","meta":[],"_links":{"self":[{"href":"http:\/\/wp11159761.server-he.de\/vtheater\/wp-json\/wp\/v2\/pages\/601"}],"collection":[{"href":"http:\/\/wp11159761.server-he.de\/vtheater\/wp-json\/wp\/v2\/pages"}],"about":[{"href":"http:\/\/wp11159761.server-he.de\/vtheater\/wp-json\/wp\/v2\/types\/page"}],"author":[{"embeddable":true,"href":"http:\/\/wp11159761.server-he.de\/vtheater\/wp-json\/wp\/v2\/users\/2"}],"replies":[{"embeddable":true,"href":"http:\/\/wp11159761.server-he.de\/vtheater\/wp-json\/wp\/v2\/comments?post=601"}],"version-history":[{"count":7,"href":"http:\/\/wp11159761.server-he.de\/vtheater\/wp-json\/wp\/v2\/pages\/601\/revisions"}],"predecessor-version":[{"id":699,"href":"http:\/\/wp11159761.server-he.de\/vtheater\/wp-json\/wp\/v2\/pages\/601\/revisions\/699"}],"wp:attachment":[{"href":"http:\/\/wp11159761.server-he.de\/vtheater\/wp-json\/wp\/v2\/media?parent=601"}],"curies":[{"name":"wp","href":"https:\/\/api.w.org\/{rel}","templated":true}]}}