{"id":627,"date":"2020-05-04T10:47:37","date_gmt":"2020-05-04T08:47:37","guid":{"rendered":"http:\/\/wp11159761.server-he.de\/vtheater\/?page_id=627"},"modified":"2021-04-06T17:48:09","modified_gmt":"2021-04-06T15:48:09","slug":"cyberballet-beschreibung","status":"publish","type":"page","link":"http:\/\/wp11159761.server-he.de\/vtheater\/de\/cyberballet-beschreibung\/","title":{"rendered":"#CyberBallet &#8211; Tanz im Virtuellen Raum"},"content":{"rendered":"<p><img decoding=\"async\" loading=\"lazy\" class=\"alignnone wp-image-618\" src=\"http:\/\/wp11159761.server-he.de\/vtheater\/wp-content\/uploads\/2020\/05\/5-300x146.jpg\" alt=\"\" width=\"1011\" height=\"492\" srcset=\"http:\/\/wp11159761.server-he.de\/vtheater\/wp-content\/uploads\/2020\/05\/5-300x146.jpg 300w, http:\/\/wp11159761.server-he.de\/vtheater\/wp-content\/uploads\/2020\/05\/5-768x373.jpg 768w, http:\/\/wp11159761.server-he.de\/vtheater\/wp-content\/uploads\/2020\/05\/5-1024x498.jpg 1024w\" sizes=\"(max-width: 1011px) 100vw, 1011px\" \/><\/p>\n<p>#CyberBallett &#8211; \u00fcber Tanz, k\u00fcnstliche Intelligenz und virtuellen Raum.<\/p>\n<p><a href=\"http:\/\/wp11159761.server-he.de\/vtheater\/en\/cyberballet-a-series-of-rehearsals-in-vr\/\">For a version of this article in english please click here<\/a><\/p>\n<p><a href=\"http:\/\/wp11159761.server-he.de\/vtheater\/de\/cyberballet\/\">Projektseite Cyberballet<\/a><\/p>\n<p>&nbsp;<\/p>\n<p><strong>Wir freuen uns sehr, CyberBallet im April 2021 als Gastspiel des td.berlin zeigen zu k\u00f6nnen. Tickets gibt es auf der Website des <a href=\"https:\/\/td.berlin\/\">td.berlin<\/a>.<\/strong><\/p>\n<p>&nbsp;<\/p>\n<p><strong>Wie kann ich Teil davon sein?<\/strong><br \/>\nEs gibt drei M\u00f6glichkeiten, dabei zu sein:<\/p>\n<p><strong>1. Die volle Erfahrung [VR-Headset]<\/strong><br \/>\nWenn Sie Zugang zu einem PC-basierten VR-Headset haben:<br \/>\nLaden Sie VRChat (vrchat.com) auf Steam (https:\/\/store.steampowered.com\/) kostenlos herunter und installieren Sie es. Eine grundlegende Vertrautheit mit der Mechanik wird empfohlen&#8230;<\/p>\n<p><strong>2. Interaktiv [Windows Laptop oder Desktop]<\/strong><br \/>\nWenn Sie Zugang zu einem Windows-PC haben:<br \/>\nLaden Sie VRChat (vrchat.com) auf Steam (https:\/\/store.steampowered.com\/) kostenlos herunter und installieren Sie es. Eine grundlegende Vertrautheit mit der Mechanik wird empfohlen, also nehmen Sie sich bitte mindestens 30 Minuten Zeit, um zu sehen, wie dies funktioniert. Es gibt ein Tutorial f\u00fcr Anf\u00e4nger und eine Vielzahl von Welten, die es zu erforschen gilt. Grunds\u00e4tzlich bewegen Sie sich mit den W,A,S,D-Tasten auf Ihrer Tastatur und nutzen Ihre Maus, um sich umzusehen.<\/p>\n<p><strong>3. Livestream und Chat-Feedback [Jedes Ger\u00e4t]<\/strong><br \/>\nWenn Sie iOS\u00a0nutzen, andere Ger\u00e4te verwenden oder wenn es technische Probleme mit den oben genannten M\u00f6glichkeiten gibt: es wird ebenfalls jeweils eine Live\u00fcbertragung f\u00fcr TicketinhaberInnen \u00fcber die Seite des td.berlin stattfinden. Hier ist man nicht interaktiv zu Besuch auf unserer B\u00fchne, sondern sieht dem Geschehen aus der Kameraperspektive zu.<\/p>\n<p>Ein sehr hilfreiches Tutorialvideo haben die verehrten KollegInnen von <a href=\"https:\/\/unreal.theater\/\">unreal.theater<\/a> erstellt:<\/p>\n<p><iframe loading=\"lazy\" width=\"800\" height=\"450\" src=\"https:\/\/www.youtube.com\/embed\/X5Zdz8oNBX8?feature=oembed\" frameborder=\"0\" allow=\"accelerometer; autoplay; clipboard-write; encrypted-media; gyroscope; picture-in-picture\" allowfullscreen><\/iframe><\/p>\n<p>Bitte benutzen Sie einen Headset oder zumindest Kopfh\u00f6rer, bitte machen Sie sich mit Ihrem Ger\u00e4t und der Mechanik vertraut und bitte erlauben Sie vrchat.exe vollen Zugriff auf das Web in Ihren Firewall-Einstellungen.<\/p>\n<p><img decoding=\"async\" loading=\"lazy\" class=\"alignnone wp-image-602\" src=\"http:\/\/wp11159761.server-he.de\/vtheater\/wp-content\/uploads\/2020\/04\/290420_04-300x180.png\" alt=\"\" width=\"698\" height=\"419\" srcset=\"http:\/\/wp11159761.server-he.de\/vtheater\/wp-content\/uploads\/2020\/04\/290420_04-300x180.png 300w, http:\/\/wp11159761.server-he.de\/vtheater\/wp-content\/uploads\/2020\/04\/290420_04-768x461.png 768w, http:\/\/wp11159761.server-he.de\/vtheater\/wp-content\/uploads\/2020\/04\/290420_04-1024x614.png 1024w, http:\/\/wp11159761.server-he.de\/vtheater\/wp-content\/uploads\/2020\/04\/290420_04.png 1920w\" sizes=\"(max-width: 698px) 100vw, 698px\" \/><br \/>\nWir\u00a0treffen uns 20 Minuten vor Vorstellungsbeginn in\u00a0unserer Lobby.<br \/>\nMarcel (VRChat-Name &#8218;Cyberactor&#8216;) und Bj\u00f6rn (VRChat-Name &#8218;KamerakindA&#8216;) werden Ihre Gastgeber sein,\u00a0bitte senden Sie den beiden\u00a0in VRChat eine Freundschaftsanfrage.<\/p>\n<p>Zur Anfangszeit werden wir alle aktuellen G\u00e4ste auf die B\u00fchne bitten. Die Auff\u00fchrung wird etwa\u00a020 Minuten dauern, und danach sind alle zur Erkundung und Diskussion eingeladen.<\/p>\n<p>Bitte melden Sie sich hier (<a href=\"https:\/\/forms.gle\/nqbhnq4R8y8UAej76\">LINK<\/a>) mit Ihrer E-Mail, Ihrem VRChat-Namen und dem Auff\u00fchrungsdatum an, damit wir Ihnen rechtzeitig eine Einladung in die Lobby schicken k\u00f6nnen.<\/p>\n<p>&#8212;<\/p>\n<p><strong>Wenn Sie Fragen oder technische Probleme haben, teilen Sie uns dies bitte per E-Mail mit, damit wir Ihnen weiterhelfen k\u00f6nnen.<\/strong><\/p>\n<p>&nbsp;<\/p>\n","protected":false},"excerpt":{"rendered":"<p>#CyberBallett &#8211; \u00fcber Tanz, k\u00fcnstliche Intelligenz und virtuellen Raum. For a version of this article in english please click here Projektseite Cyberballet &nbsp; Wir freuen uns sehr, CyberBallet im April &#8230;<\/p>\n","protected":false},"author":2,"featured_media":0,"parent":0,"menu_order":0,"comment_status":"closed","ping_status":"closed","template":"","meta":[],"_links":{"self":[{"href":"http:\/\/wp11159761.server-he.de\/vtheater\/wp-json\/wp\/v2\/pages\/627"}],"collection":[{"href":"http:\/\/wp11159761.server-he.de\/vtheater\/wp-json\/wp\/v2\/pages"}],"about":[{"href":"http:\/\/wp11159761.server-he.de\/vtheater\/wp-json\/wp\/v2\/types\/page"}],"author":[{"embeddable":true,"href":"http:\/\/wp11159761.server-he.de\/vtheater\/wp-json\/wp\/v2\/users\/2"}],"replies":[{"embeddable":true,"href":"http:\/\/wp11159761.server-he.de\/vtheater\/wp-json\/wp\/v2\/comments?post=627"}],"version-history":[{"count":23,"href":"http:\/\/wp11159761.server-he.de\/vtheater\/wp-json\/wp\/v2\/pages\/627\/revisions"}],"predecessor-version":[{"id":717,"href":"http:\/\/wp11159761.server-he.de\/vtheater\/wp-json\/wp\/v2\/pages\/627\/revisions\/717"}],"wp:attachment":[{"href":"http:\/\/wp11159761.server-he.de\/vtheater\/wp-json\/wp\/v2\/media?parent=627"}],"curies":[{"name":"wp","href":"https:\/\/api.w.org\/{rel}","templated":true}]}}